{"id":22,"date":"2016-08-03T13:36:46","date_gmt":"2016-08-03T11:36:46","guid":{"rendered":"http:\/\/www.hoerenundstaunen.at\/hust\/?page_id=22"},"modified":"2017-08-25T21:10:23","modified_gmt":"2017-08-25T19:10:23","slug":"ueber-den-podcast","status":"publish","type":"page","link":"https:\/\/www.hoerenundstaunen.at\/hust\/ueber-den-podcast\/","title":{"rendered":"\u00dcber den Podcast"},"content":{"rendered":"<p><em>h\u00f6ren &amp;\u00a0staunen<\/em>\u00a0enth\u00e4lt Beitr\u00e4ge, die f\u00fcr das Radio produziert und dort gesendet wurden oder auch nie den Weg zum Radio gefunden haben, also bislang unver\u00f6ffentlicht waren.<br \/>\nAusserdem werden auch Beitr\u00e4ge in &#8222;echter&#8220; Podcast-Form publiziert, die sich nach meiner Meinung deutlich von Radio-Beitr\u00e4gen unterscheidet.<\/p>\n<p>Den Titel <em>&#8222;h\u00f6ren und staunen&#8220;<\/em>\u00a0finde ich passend, weil &#8222;h\u00f6ren&#8220; den Gebrauch von Radio und Podcast\u00a0im Unterschied zu anderen Medien\u00a0gut trifft und &#8222;Staunen&#8220; das ist, was GestalterInnen zu bewirken versuchen und H\u00f6rerInnen als spannend bei einer Geschichte empfinden.<\/p>\n<p>Im Lexikon der heutigen Zeit, <a href=\"https:\/\/de.wikipedia.org\/wiki\/Staunen\" target=\"_blank\" rel=\"noopener\">Wikipedia<\/a>, findet man zu &#8222;Staunen&#8220; u.a. folgendes:<\/p>\n<div class=\"page\" title=\"Page 1\">\n<div class=\"layoutArea\">\n<div class=\"column\">\n<blockquote><p>Staunen oder Verwunderung ist ein emotionaler Zustand als Reaktion auf das Erleben von etwas Unerwartetem, das nicht den Erwartungen bzw. Schemata entspricht.<br \/>\nEs wird begleitet von einem neurobiologischen Zustand der Erregung, einem inneren Unruhezustand, der sich motivationsf\u00f6rdernd auswirkt, bisher Unbekanntes zu erforschen und lernen. Das bereitgestellte Erregungspotential erm\u00f6glicht, das innere Gleichgewicht wiederherzustellen, das durch die Konfrontation mit dem &#8222;unpassenden&#8220; neuen verloren ging. &#8230; Durch Staunen initiiertes Lernen ist somit von innen heraus\/intrinsisch motiviert, weil der Mensch inneres Gleichgewicht anstrebt. &#8230;<\/p><\/blockquote>\n<p>M\u00f6ge die \u00dcbung gelingen!<\/p>\n<\/div>\n<p>Mehr \u00fcber mich, gibt es auf der Seite von <a href=\"http:\/\/o94.at\/radio\/radiomacher_innen-detail\/1399390\/\" target=\"_blank\" rel=\"noopener\">ORANGE 94.0<\/a><\/p>\n<p>F\u00fcr den Inhalt verantwortlich:<br \/>\nPeter Supp<br \/>\npeter.supp@gmail.com<\/p>\n<p>Technischer Chef-Administrator:<br \/>\nBearly CGN<\/p>\n<p>Diese Website benutzt Google Analytics, einen Webanalysedienst der Google Inc. (\u201eGoogle\u201c). Google Analytics verwendet sog. \u201eCookies\u201c, Textdateien, die auf Ihrem Computer gespeichert werden und die eine Analyse der Benutzung der Website durch Sie erm\u00f6glichen. Die durch das Cookie erzeugten Informationen \u00fcber Ihre Benutzung dieser Website werden in der Regel an einen Server von Google in den USA \u00fcbertragen und dort gespeichert. Im Falle der Aktivierung der IP-Anonymisierung auf dieser Website, wird Ihre IP-Adresse von Google jedoch innerhalb von Mitgliedstaaten der Europ\u00e4ischen Union oder in anderen Vertragsstaaten des Abkommens \u00fcber den Europ\u00e4ischen Wirtschaftsraum zuvor gek\u00fcrzt. Nur in Ausnahmef\u00e4llen wird die volle IP-Adresse an einen Server von Google in den USA \u00fcbertragen und dort gek\u00fcrzt. Im Auftrag des Betreibers dieser Website wird Google diese Informationen benutzen, um Ihre Nutzung der Website auszuwerten, um Reports \u00fcber die Websiteaktivit\u00e4ten zusammenzustellen und um weitere mit der Websitenutzung und der Internetnutzung verbundene Dienstleistungen gegen\u00fcber dem Websitebetreiber zu erbringen. Die im Rahmen von Google Analytics von Ihrem Browser \u00fcbermittelte IP-Adresse wird nicht mit anderen Daten von Google zusammengef\u00fchrt. Sie k\u00f6nnen die Speicherung der Cookies durch eine entsprechende Einstellung Ihrer Browser-Software verhindern; wir weisen Sie jedoch darauf hin, dass Sie in diesem Fall gegebenenfalls nicht s\u00e4mtliche Funktionen dieser Website vollumf\u00e4nglich werden nutzen k\u00f6nnen. Sie k\u00f6nnen dar\u00fcber hinaus die Erfassung der durch das Cookie erzeugten und auf Ihre Nutzung der Website bezogenen Daten (inkl. Ihrer IP-Adresse) an Google sowie die Verarbeitung dieser Daten durch Google verhindern, indem Sie das unter dem folgenden Link (<a href=\"http:\/\/tools.google.com\/dlpage\/gaoptout?hl=de\" target=\"_blank\" rel=\"noopener\">http:\/\/tools.google.com\/dlpage\/gaoptout?hl=de<\/a>) verf\u00fcgbare Browser-Plugin herunterladen und installieren.<\/p>\n<\/div>\n<\/div>\n","protected":false},"excerpt":{"rendered":"<p>h\u00f6ren &amp;\u00a0staunen\u00a0enth\u00e4lt Beitr\u00e4ge, die f\u00fcr das Radio produziert und dort gesendet wurden oder auch nie den Weg zum Radio gefunden haben, also bislang unver\u00f6ffentlicht waren. Ausserdem werden auch Beitr\u00e4ge in &#8222;echter&#8220; Podcast-Form publiziert, die sich nach meiner Meinung deutlich von Radio-Beitr\u00e4gen unterscheidet. Den Titel &#8222;h\u00f6ren und staunen&#8220;\u00a0finde ich passend, weil &#8222;h\u00f6ren&#8220; den Gebrauch von Radio &#8230; <span class=\"more\"><a class=\"more-link\" href=\"https:\/\/www.hoerenundstaunen.at\/hust\/ueber-den-podcast\/\">[Read more&#8230;]<\/a><\/span><\/p>\n","protected":false},"author":3,"featured_media":0,"parent":0,"menu_order":0,"comment_status":"closed","ping_status":"closed","template":"","meta":{"_mi_skip_tracking":false},"aioseo_notices":[],"amp_enabled":true,"_links":{"self":[{"href":"https:\/\/www.hoerenundstaunen.at\/hust\/wp-json\/wp\/v2\/pages\/22"}],"collection":[{"href":"https:\/\/www.hoerenundstaunen.at\/hust\/wp-json\/wp\/v2\/pages"}],"about":[{"href":"https:\/\/www.hoerenundstaunen.at\/hust\/wp-json\/wp\/v2\/types\/page"}],"author":[{"embeddable":true,"href":"https:\/\/www.hoerenundstaunen.at\/hust\/wp-json\/wp\/v2\/users\/3"}],"replies":[{"embeddable":true,"href":"https:\/\/www.hoerenundstaunen.at\/hust\/wp-json\/wp\/v2\/comments?post=22"}],"version-history":[{"count":8,"href":"https:\/\/www.hoerenundstaunen.at\/hust\/wp-json\/wp\/v2\/pages\/22\/revisions"}],"predecessor-version":[{"id":318,"href":"https:\/\/www.hoerenundstaunen.at\/hust\/wp-json\/wp\/v2\/pages\/22\/revisions\/318"}],"wp:attachment":[{"href":"https:\/\/www.hoerenundstaunen.at\/hust\/wp-json\/wp\/v2\/media?parent=22"}],"curies":[{"name":"wp","href":"https:\/\/api.w.org\/{rel}","templated":true}]}}