{"id":80,"date":"2016-08-09T10:59:24","date_gmt":"2016-08-09T08:59:24","guid":{"rendered":"http:\/\/www.hoerenundstaunen.at\/hust\/?page_id=80"},"modified":"2017-08-25T21:13:22","modified_gmt":"2017-08-25T19:13:22","slug":"das-meer-der-toten-schiffe","status":"publish","type":"page","link":"https:\/\/www.hoerenundstaunen.at\/hust\/das-meer-der-toten-schiffe\/","title":{"rendered":"Das Meer der toten Schiffe"},"content":{"rendered":"<div class=\"page\" title=\"Page 1\">\n<div class=\"layoutArea\">\n<div class=\"column\">\n<p>Obwohl auf keiner Landkarte verzeichnet, erstreckt sich entlang der westafrikanischen K\u00fcste ein gigantischer Schiffsfriedhof. Diesen zu erkunden, machte sich der Wiener Kulturanthropologe Alexander Urosevic an Bord eines Frachtschiffes auf die Reise von Hamburg in den Golf von Guinea. Seine Reportage zeigt uns das harte Leben der Matrosen, den bunten Alltag an Land voller wahnwitzig-skurriler Szenen und lenkt unversehens den Blick auf die Un- gleichheiten dieser Welt: ein poetisches Meisterwerk teilnehmender Beobachtung.<\/p>\n<p>Die Schilderungen der L\u00f6schv\u00f6rg\u00e4nge im Hafen und der Landg\u00e4nge in mehreren afrika- nischen Metropolen vermitteln einen ersten Eindruck des pulsierenden Lebens in diesen St\u00e4dten \u2013 europ\u00e4ische Kolonialgeschichte und afrikanische Sch\u00f6pfungsmythen inbegriffen. Zunehmend entdeckt der Autor jedoch die Kehrseite solcher Fahrten, bei denen es klar wird, dass Europa regelm\u00e4\u00dfig Schrott aller Art in Afrika abl\u00e4dt und sich daraus auch noch ein Gesch\u00e4ft machen l\u00e4sst. Das Meer der toten Schiffe ger\u00e4t so zum Sinnbild eines ungleichen Handels.<\/p>\n<p>Sp\u00e4testens hier wird das Buch brandaktuell, denn pl\u00f6tzlich versteht der Leser die vielen Gr\u00fcnde der Migration nach Europa, wo man zwar das billige \u00d6l will, nicht aber die Menschen, deren Lebensraum durch die radikale F\u00f6rderung zerst\u00f6rt wurde. \u00c4hnlich verh\u00e4lt es sich auch mit der r\u00fccksichtslosen Hochseefischerei: \u201eNicht der arbeitslos gewordene Fischer ist schuld an seiner Migration, sondern der westliche Fischkonsum.\u201c Letztlich hat aber auch der Leser das Gef\u00fchl, \u201eauf dieser Reise mit einzigartigen Eindr\u00fccken reichlich belohnt worden zu sein\u201c, gelingt es dem Autor doch gleicherma\u00dfen die raue Sch\u00f6nheit der maritimen Welt einzufangen.<\/p>\n<div class=\"page\" title=\"Page 1\">\n<div class=\"layoutArea\">\n<div class=\"column\">\n<p><a href=\"http:\/\/www.hoerenundstaunen.at\/hust\/alexander-urosevic\/\">Alexander Urosevic<\/a><br \/>\nDas Meer der toten Schiffe<br \/>\nEine Reportage<br \/>\nHardcover, 256 Seiten, 15 Abb. Format: 16,5 x 23,5 cm<br \/>\nISBN: 978-3-902494-79-5 Preis: \u20ac 25,-\/SFR 43,-<\/p>\n<p>&lt;-\u00a0<a href=\"http:\/\/www.hoerenundstaunen.at\/hust\/hus003-warum-hitler-eine-philippinische-mutter-hatte\/\">Zur\u00fcck zur Sendung<\/a><\/p>\n<\/div>\n<\/div>\n<\/div>\n<\/div>\n<\/div>\n<\/div>\n","protected":false},"excerpt":{"rendered":"<p>Obwohl auf keiner Landkarte verzeichnet, erstreckt sich entlang der westafrikanischen K\u00fcste ein gigantischer Schiffsfriedhof. Diesen zu erkunden, machte sich der Wiener Kulturanthropologe Alexander Urosevic an Bord eines Frachtschiffes auf die Reise von Hamburg in den Golf von Guinea. Seine Reportage zeigt uns das harte Leben der Matrosen, den bunten Alltag an Land voller wahnwitzig-skurriler Szenen &#8230; <span class=\"more\"><a class=\"more-link\" href=\"https:\/\/www.hoerenundstaunen.at\/hust\/das-meer-der-toten-schiffe\/\">[Read more&#8230;]<\/a><\/span><\/p>\n","protected":false},"author":3,"featured_media":81,"parent":0,"menu_order":0,"comment_status":"closed","ping_status":"closed","template":"","meta":{"_mi_skip_tracking":false},"aioseo_notices":[],"amp_enabled":true,"_links":{"self":[{"href":"https:\/\/www.hoerenundstaunen.at\/hust\/wp-json\/wp\/v2\/pages\/80"}],"collection":[{"href":"https:\/\/www.hoerenundstaunen.at\/hust\/wp-json\/wp\/v2\/pages"}],"about":[{"href":"https:\/\/www.hoerenundstaunen.at\/hust\/wp-json\/wp\/v2\/types\/page"}],"author":[{"embeddable":true,"href":"https:\/\/www.hoerenundstaunen.at\/hust\/wp-json\/wp\/v2\/users\/3"}],"replies":[{"embeddable":true,"href":"https:\/\/www.hoerenundstaunen.at\/hust\/wp-json\/wp\/v2\/comments?post=80"}],"version-history":[{"count":5,"href":"https:\/\/www.hoerenundstaunen.at\/hust\/wp-json\/wp\/v2\/pages\/80\/revisions"}],"predecessor-version":[{"id":96,"href":"https:\/\/www.hoerenundstaunen.at\/hust\/wp-json\/wp\/v2\/pages\/80\/revisions\/96"}],"wp:featuredmedia":[{"embeddable":true,"href":"https:\/\/www.hoerenundstaunen.at\/hust\/wp-json\/wp\/v2\/media\/81"}],"wp:attachment":[{"href":"https:\/\/www.hoerenundstaunen.at\/hust\/wp-json\/wp\/v2\/media?parent=80"}],"curies":[{"name":"wp","href":"https:\/\/api.w.org\/{rel}","templated":true}]}}