{"id":84,"date":"2016-08-09T10:56:02","date_gmt":"2016-08-09T08:56:02","guid":{"rendered":"http:\/\/www.hoerenundstaunen.at\/hust\/?page_id=84"},"modified":"2018-04-08T22:19:23","modified_gmt":"2018-04-08T20:19:23","slug":"alexander-urosevic","status":"publish","type":"page","link":"https:\/\/www.hoerenundstaunen.at\/hust\/alexander-urosevic\/","title":{"rendered":"Alexander Urosevic"},"content":{"rendered":"<p><img loading=\"lazy\" class=\"size-medium wp-image-85 alignright\" src=\"http:\/\/www.hoerenundstaunen.at\/hust\/wp-content\/uploads\/2016\/08\/BUBUALEX-225x300.jpg\" alt=\"Alexander Urosevic\" width=\"225\" height=\"300\" \/>Geboren 1960, Dr. phil.; Studium der Kulturanthropologie an der Universit\u00e4t Wien, Schwerpunkt Kulturgeschichte und Primitivismus. \u00dcbersetzungen aus dem Serbischen und Ungarischen, darunter Theaterst\u00fccke von Biljana Srbljanovic. Publikationen \u00fcber wenig bekannte Regionen wie Georgien oder das Banat. B\u00fccher: Das georgische Prinzip, Wien 1996. Von der Sandbank zur Datenbank, Wien 1999. Husarenkrapfen und Damenkaprizen, Wien 2013. Intensive Recherche- und Reiset\u00e4tigkeit f\u00fchrte zur Auseinandersetzung mit dem Zeitgeschehen von Westafrika. Lebt in Wien.<\/p>\n<p>&lt;-\u00a0<a href=\"http:\/\/www.hoerenundstaunen.at\/hust\/hus003-warum-hitler-eine-philippinische-mutter-hatte\/\">Zur\u00fcck zur Sendung<\/a><\/p>\n","protected":false},"excerpt":{"rendered":"<p>Geboren 1960, Dr. phil.; Studium der Kulturanthropologie an der Universit\u00e4t Wien, Schwerpunkt Kulturgeschichte und Primitivismus. \u00dcbersetzungen aus dem Serbischen und Ungarischen, darunter Theaterst\u00fccke von Biljana Srbljanovic. Publikationen \u00fcber wenig bekannte Regionen wie Georgien oder das Banat. B\u00fccher: Das georgische Prinzip, Wien 1996. Von der Sandbank zur Datenbank, Wien 1999. Husarenkrapfen und Damenkaprizen, Wien 2013. Intensive &#8230; <span class=\"more\"><a class=\"more-link\" href=\"https:\/\/www.hoerenundstaunen.at\/hust\/alexander-urosevic\/\">[Read more&#8230;]<\/a><\/span><\/p>\n","protected":false},"author":3,"featured_media":0,"parent":0,"menu_order":0,"comment_status":"closed","ping_status":"closed","template":"","meta":{"_mi_skip_tracking":false},"aioseo_notices":[],"amp_enabled":true,"_links":{"self":[{"href":"https:\/\/www.hoerenundstaunen.at\/hust\/wp-json\/wp\/v2\/pages\/84"}],"collection":[{"href":"https:\/\/www.hoerenundstaunen.at\/hust\/wp-json\/wp\/v2\/pages"}],"about":[{"href":"https:\/\/www.hoerenundstaunen.at\/hust\/wp-json\/wp\/v2\/types\/page"}],"author":[{"embeddable":true,"href":"https:\/\/www.hoerenundstaunen.at\/hust\/wp-json\/wp\/v2\/users\/3"}],"replies":[{"embeddable":true,"href":"https:\/\/www.hoerenundstaunen.at\/hust\/wp-json\/wp\/v2\/comments?post=84"}],"version-history":[{"count":6,"href":"https:\/\/www.hoerenundstaunen.at\/hust\/wp-json\/wp\/v2\/pages\/84\/revisions"}],"predecessor-version":[{"id":100,"href":"https:\/\/www.hoerenundstaunen.at\/hust\/wp-json\/wp\/v2\/pages\/84\/revisions\/100"}],"wp:attachment":[{"href":"https:\/\/www.hoerenundstaunen.at\/hust\/wp-json\/wp\/v2\/media?parent=84"}],"curies":[{"name":"wp","href":"https:\/\/api.w.org\/{rel}","templated":true}]}}